{"id":21702,"date":"2015-10-26T17:16:02","date_gmt":"2015-10-26T17:16:02","guid":{"rendered":"http:\/\/www.varnanorth-properties.com\/de\/rental\/"},"modified":"2015-12-30T16:28:54","modified_gmt":"2015-12-30T16:28:54","slug":"vermietung","status":"publish","type":"page","link":"https:\/\/www.varnanorth-properties.com\/de\/vermietung\/","title":{"rendered":"Vermietung"},"content":{"rendered":"<p><span style=\"text-decoration: underline;\">Eigentumspachtbetrag<\/span><\/p>\n<p>&#8222;VarnaNorthProperties&#8220; Ltd wird gl\u00fccklich sein, Ihre Eigenschaften in unserer Bedienungsfl\u00e4che auf den Markt zu bringen, um Ihnen zu erlauben, Ihr Mieteinkommen zu maximieren, indem er sichern wird, dass Ihre G\u00e4ste einen Dienst der ersten Klasse w\u00e4hrend ihres Urlaubs in Bulgarien erhalten. Wir werden Ihr Eigentum kostenlos auf unserer Website und auch auf mehreren Mietwebsites, und in den Zeitungen und Zeitschriften ank\u00fcndigen.<\/p>\n<p>Wir bieten die folgenden Mietdienstleistungen an :<\/p>\n<p>Sicherheitsablagerung und Warenbestand-Management<br \/>\nFlughafen\u00fcbertragungen<br \/>\nFreier Anmeldungsdienst f\u00fcr die Automiete und Versicherung<br \/>\nNothilfe-24 Stunde<br \/>\nVertrautmachen mit unserem Gebiet<br \/>\nDie w\u00f6chentlich Reinigung und W\u00e4scherei<br \/>\nBedenken-Management (die Anmeldung, Ablagerungen und Zahlungen)<br \/>\nEine Reihe von fakultativen willkommenen S\u00e4tzen<\/p>\n<p>Setzen Sie sich mit uns bitte f\u00fcr einen Kostenvoranschlag in Verbindung!!!<\/p>\n","protected":false},"excerpt":{"rendered":"<p>Eigentumspachtbetrag &#8222;VarnaNorthProperties&#8220; Ltd wird gl\u00fccklich sein, Ihre Eigenschaften in unserer Bedienungsfl\u00e4che auf den Markt zu bringen, um Ihnen zu erlauben, Ihr Mieteinkommen zu maximieren, indem er sichern wird, dass Ihre G\u00e4ste einen Dienst der ersten Klasse w\u00e4hrend ihres Urlaubs in Bulgarien erhalten. Wir werden Ihr Eigentum kostenlos auf unserer Website und auch auf mehreren Mietwebsites, [&hellip;]<\/p>\n","protected":false},"author":7,"featured_media":0,"parent":0,"menu_order":0,"comment_status":"closed","ping_status":"closed","template":"","meta":{"footnotes":""},"class_list":["post-21702","page","type-page","status-publish","hentry"],"_links":{"self":[{"href":"https:\/\/www.varnanorth-properties.com\/de\/wp-json\/wp\/v2\/pages\/21702","targetHints":{"allow":["GET"]}}],"collection":[{"href":"https:\/\/www.varnanorth-properties.com\/de\/wp-json\/wp\/v2\/pages"}],"about":[{"href":"https:\/\/www.varnanorth-properties.com\/de\/wp-json\/wp\/v2\/types\/page"}],"author":[{"embeddable":true,"href":"https:\/\/www.varnanorth-properties.com\/de\/wp-json\/wp\/v2\/users\/7"}],"replies":[{"embeddable":true,"href":"https:\/\/www.varnanorth-properties.com\/de\/wp-json\/wp\/v2\/comments?post=21702"}],"version-history":[{"count":0,"href":"https:\/\/www.varnanorth-properties.com\/de\/wp-json\/wp\/v2\/pages\/21702\/revisions"}],"wp:attachment":[{"href":"https:\/\/www.varnanorth-properties.com\/de\/wp-json\/wp\/v2\/media?parent=21702"}],"curies":[{"name":"wp","href":"https:\/\/api.w.org\/{rel}","templated":true}]}}