{"id":22160,"date":"2015-12-12T20:01:06","date_gmt":"2015-12-12T20:01:06","guid":{"rendered":"http:\/\/www.varnanorth-properties.com\/de\/%d0%be%d1%84%d0%b5%d1%80%d1%82%d0%b0\/"},"modified":"2015-12-14T16:00:30","modified_gmt":"2015-12-14T16:00:30","slug":"angebot","status":"publish","type":"page","link":"https:\/\/www.varnanorth-properties.com\/de\/angebot\/","title":{"rendered":"Angebot"},"content":{"rendered":"\n                <div class='gf_browser_gecko gform_wrapper' id='gform_wrapper_5' ><a id='gf_5' class='gform_anchor' ><\/a><form method='post' enctype='multipart\/form-data' target='gform_ajax_frame_5' id='gform_5'  action='\/de\/wp-json\/wp\/v2\/pages\/22160#gf_5'>\n                        <div class='gform_heading'>\n                            <span class='gform_description'><\/span>\n                        <\/div>\n                        <div class='gform_body'><ul id='gform_fields_5' class='gform_fields top_label form_sublabel_below description_below'><li id='field_5_1' class='gfield field_sublabel_below field_description_below' ><label class='gfield_label' for='input_5_1' >Position<\/label><div class='ginput_container'><select name='input_1' id='input_5_1'  class='medium gfield_select' tabindex='1' ><option value='Norden von Varna' >Norden von Varna<\/option><option value='--st. Konstantin' >--st. Konstantin<\/option><option value='--Vinitsa' >--Vinitsa<\/option><option value='--Oreshak' >--Oreshak<\/option><option value='--Osenovo' >--Osenovo<\/option><option value='--Klimentovo' >--Klimentovo<\/option><option value='--General Kantardzhievo' >--General Kantardzhievo<\/option><option value='--Evxinograd' >--Evxinograd<\/option><option value='--Sonnentag' >--Sonnentag<\/option><option value='--Manastirski rid' >--Manastirski rid<\/option><option value='--Zelenika' >--Zelenika<\/option><option value='--Priboi' >--Priboi<\/option><option value='--Krumovo' >--Krumovo<\/option><option value='--Varna' >--Varna<\/option><option value='--Izgrev' >--Izgrev<\/option><option value='--Chaika' >--Chaika<\/option><option value='--Kichevo' >--Kichevo<\/option><option value='--Trakata' >--Trakata<\/option><option value='--Briz' >--Briz<\/option><option value='--Dolishte' >--Dolishte<\/option><option value='--Radevo' >--Radevo<\/option><option value='--Nikolaevka' >--Nikolaevka<\/option><option value='--St. Nikolas' >--St. Nikolas<\/option><option value='--Alen Mak' >--Alen Mak<\/option><option value='--Kalimantsi' >--Kalimantsi<\/option><option value='--Zornitsa' >--Zornitsa<\/option><option value='--Dobrogled' >--Dobrogled<\/option><option value='--Galata' >--Galata<\/option><option value='--Levski' >--Levski<\/option><option value='--Cabacum' >--Cabacum<\/option><option value='--Journalist' >--Journalist<\/option><option value='Balchik' >Balchik<\/option><option value='--Rogachevo' >--Rogachevo<\/option><option value='--Obrochishte' >--Obrochishte<\/option><option value='--Sokolovo' >--Sokolovo<\/option><option value='--Senokos' >--Senokos<\/option><option value='--Tsarichino' >--Tsarichino<\/option><option value='--Gurkovo' >--Gurkovo<\/option><option value='--Dropla' >--Dropla<\/option><option value='--Zmeevo' >--Zmeevo<\/option><option value='--Bryastovo' >--Bryastovo<\/option><option value='--Bezvoditsa' >--Bezvoditsa<\/option><option value='--Dabrava' >--Dabrava<\/option><option value='--Tsarkva' >--Tsarkva<\/option><option value='--Strajitza' >--Strajitza<\/option><option value='--Lyahovo' >--Lyahovo<\/option><option value='--Trigortsi' >--Trigortsi<\/option><option value='--Prespa' >--Prespa<\/option><option value='--Kremena' >--Kremena<\/option><option value='--Hrabrovo' >--Hrabrovo<\/option><option value='Golden sands' >Golden sands<\/option><option value='Kranevo' >Kranevo<\/option><option value='Kavarna' >Kavarna<\/option><option value='--Bozhurets' >--Bozhurets<\/option><option value='--Kamen Bryag' >--Kamen Bryag<\/option><option value='--Balgarevo' >--Balgarevo<\/option><option value='--Mogilishte' >--Mogilishte<\/option><option value='--Seltse' >--Seltse<\/option><option value='--Belgun' >--Belgun<\/option><option value='--Hadzhi Dimitar' >--Hadzhi Dimitar<\/option><option value='--Vidno' >--Vidno<\/option><option value='--Vranino' >--Vranino<\/option><option value='--Rakovski' >--Rakovski<\/option><option value='--Poruchik Chunchevo' >--Poruchik Chunchevo<\/option><option value='--Konare' >--Konare<\/option><option value='--Neykovo' >--Neykovo<\/option><option value='Shabla' >Shabla<\/option><option value='--Granichar' >--Granichar<\/option><option value='--Gorun' >--Gorun<\/option><option value='--Tyulenovo' >--Tyulenovo<\/option><option value='--Ezerets' >--Ezerets<\/option><option value='--Krapets' >--Krapets<\/option><option value='--Vaklino' >--Vaklino<\/option><option value='General Toshevo' >General Toshevo<\/option><option value='--Vasilevo' >--Vasilevo<\/option><option value='--Kardam' >--Kardam<\/option><option value='--Plenimir' >--Plenimir<\/option><option value='--Preselentsi' >--Preselentsi<\/option><option value='--Balkantsi' >--Balkantsi<\/option><option value='--General Kolevo' >--General Kolevo<\/option><option value='--Dabovik' >--Dabovik<\/option><option value='--Lyolyakovo' >--Lyolyakovo<\/option><option value='--Malina' >--Malina<\/option><option value='--Spasovo' >--Spasovo<\/option><option value='--Snyagovo' >--Snyagovo<\/option><option value='--Sredina' >--Sredina<\/option><option value='--Izvorovo' >--Izvorovo<\/option><option value='--Kraishte' >--Kraishte<\/option><option value='--Pchelarovo' >--Pchelarovo<\/option><option value='--Sarnino' >--Sarnino<\/option><option value='Albena' >Albena<\/option><option value='Topola' >Topola<\/option><option value='Durankulak' >Durankulak<\/option><option value='Dobrich' >Dobrich<\/option><option value='--Pobeda' >--Pobeda<\/option><option value='--Batovo' >--Batovo<\/option><option value='--Sveshtarovo' >--Sveshtarovo<\/option><option value='--Tsarevets' >--Tsarevets<\/option><option value='--Slaveevo' >--Slaveevo<\/option><option value='--Stefanovo' >--Stefanovo<\/option><option value='--Malka Smolnitsa' >--Malka Smolnitsa<\/option><option value='--Miladinovtsi' >--Miladinovtsi<\/option><option value='--Branishte' >--Branishte<\/option><option value='--Odrintsi' >--Odrintsi<\/option><option value='--Plachidol' >--Plachidol<\/option><option value='--Gaber' >--Gaber<\/option><option value='--Kladentsi' >--Kladentsi<\/option><option value='--Kozloduitsi' >--Kozloduitsi<\/option><option value='--Vladimirovo' >--Vladimirovo<\/option><option value='--Lovchantsi' >--Lovchantsi<\/option><option value='--Paskalevo' >--Paskalevo<\/option><option value='--Metodievo' >--Metodievo<\/option><option value='--Stefan Karadzha' >--Stefan Karadzha<\/option><option value='--Ovcharovo' >--Ovcharovo<\/option><option value='--Vrachantsi' >--Vrachantsi<\/option><option value='--Debrene' >--Debrene<\/option><option value='--Opanets' >--Opanets<\/option><option value='--Stozher' >--Stozher<\/option><option value='--Botevo' >--Botevo<\/option><option value='--Odartsi' >--Odartsi<\/option><option value='S\u00fcdlich von Varna' >S\u00fcdlich von Varna<\/option><option value='--Priseltsi' >--Priseltsi<\/option><\/select><\/div><\/li><li id='field_5_2' class='gfield field_sublabel_below field_description_below' ><label class='gfield_label' for='input_5_2' >\u0422ype<\/label><div class='ginput_container'><select name='input_2' id='input_5_2'  class='medium gfield_select' tabindex='2' ><option value='Projekte' >Projekte<\/option><option value='--Off -Plan -Komplexe' >--Off -Plan -Komplexe<\/option><option value='--Villas sur plan' >--Villas sur plan<\/option><option value='--Direkt vom Plan H\u00e4user' >--Direkt vom Plan H\u00e4user<\/option><option value='Wohnimmobilien' >Wohnimmobilien<\/option><option value='--Neu gebaute Komplexe' >--Neu gebaute Komplexe<\/option><option value='--Wohnung' >--Wohnung<\/option><option value='-----Ein Schlafzimmer' >-----Ein Schlafzimmer<\/option><option value='-----Zwei-zimmer' >-----Zwei-zimmer<\/option><option value='-----Drei-zimmer' >-----Drei-zimmer<\/option><option value='-----Vier oder mehr Schlafzimmer' >-----Vier oder mehr Schlafzimmer<\/option><option value='--H\u00e4user' >--H\u00e4user<\/option><option value='-----Ein Schlafzimmer' >-----Ein Schlafzimmer<\/option><option value='-----Zwei-zimmer' >-----Zwei-zimmer<\/option><option value='-----Drei-zimmer' >-----Drei-zimmer<\/option><option value='-----Vier oder mehr Schlafzimmer' >-----Vier oder mehr Schlafzimmer<\/option><option value='--Villas' >--Villas<\/option><option value='-----Ein Schlafzimmer' >-----Ein Schlafzimmer<\/option><option value='-----Zwei-zimmer' >-----Zwei-zimmer<\/option><option value='-----Drei-zimmer' >-----Drei-zimmer<\/option><option value='-----Vier oder mehr Schlafzimmer' >-----Vier oder mehr Schlafzimmer<\/option><option value='--Storey von Haus' >--Storey von Haus<\/option><option value='Gewerbeimmobilien' >Gewerbeimmobilien<\/option><option value='--B\u00fcro' >--B\u00fcro<\/option><option value='--Einzelhandel' >--Einzelhandel<\/option><option value='--Restaurant&amp;bar' >--Restaurant&amp;bar<\/option><option value='--Hotel' >--Hotel<\/option><option value='Grundst\u00fcck' >Grundst\u00fcck<\/option><option value='--Villenviertel' >--Villenviertel<\/option><option value='--Wohn' >--Wohn<\/option><option value='--Villages' >--Villages<\/option><option value='--Urlaubsort' >--Urlaubsort<\/option><option value='Agrarland' >Agrarland<\/option><option value='--Feld' >--Feld<\/option><option value='--Obst- &amp; Gem\u00fcsegarten' >--Obst- &amp; Gem\u00fcsegarten<\/option><option value='--Weinberg' >--Weinberg<\/option><option value='--Wiese' >--Wiese<\/option><\/select><\/div><\/li><li id='field_5_3' class='gfield field_sublabel_below field_description_below' ><label class='gfield_label' for='input_5_3' >Kategorie<\/label><div class='ginput_container'><select name='input_3' id='input_5_3'  class='medium gfield_select' tabindex='3' ><option value='H\u00e4user \/ Villen' >H\u00e4user \/ Villen<\/option><option value='Wohnung' >Wohnung<\/option><option value='Land \/ Grundst\u00fccke' >Land \/ Grundst\u00fccke<\/option><option value='Gewerbeimmobilien' >Gewerbeimmobilien<\/option><option value='Projekte' >Projekte<\/option><\/select><\/div><\/li><li id='field_5_4' class='gfield field_sublabel_below field_description_below' ><label class='gfield_label' for='input_5_4' >Typ-Angebot<\/label><div class='ginput_container'><select name='input_4' id='input_5_4'  class='medium gfield_select' tabindex='4' ><option value='Zu verkaufen' >Zu verkaufen<\/option><option value='Zu vermieten' >Zu vermieten<\/option><\/select><\/div><\/li><li id='field_5_5' class='gfield field_sublabel_below field_description_below' ><label class='gfield_label' for='input_5_5' >Datum des Verkaufs<\/label><div class='ginput_container'>\n                            <input name='input_5' id='input_5_5' type='text' value='18\/04\/2026' class='datepicker medium dmy datepicker_with_icon' tabindex='5'  placeholder='18\/04\/2026'\/>\n                        <\/div>\n                        <input type='hidden' id='gforms_calendar_icon_input_5_5' class='gform_hidden' value='https:\/\/www.varnanorth-properties.com\/wp-content\/plugins\/gravityforms\/images\/calendar.png'\/><\/li><li id='field_5_6' class='gfield field_sublabel_below field_description_below' ><label class='gfield_label' for='input_5_6' >G\u00fcltig bis zu<\/label><div class='ginput_container'>\n                            <input name='input_6' id='input_5_6' type='text' value='18\/04\/2026' class='datepicker medium dmy datepicker_with_icon' tabindex='6'  placeholder='18\/04\/2026'\/>\n                        <\/div>\n                        <input type='hidden' id='gforms_calendar_icon_input_5_6' class='gform_hidden' value='https:\/\/www.varnanorth-properties.com\/wp-content\/plugins\/gravityforms\/images\/calendar.png'\/><\/li><li id='field_5_7' class='gfield field_sublabel_below field_description_below' ><label class='gfield_label'  >\u041d\u0435\u043e\u0437\u0430\u0433\u043b\u0430\u0432\u0435\u043d<\/label><div class='ginput_container'><ul class='gfield_checkbox' id='input_5_7'><li class='gchoice_5_7_1'>\n\t\t\t\t\t\t\t\t<input name='input_7.1' type='checkbox'  value='Unbegrenzt'  id='choice_5_7_1' tabindex='7'  \/>\n\t\t\t\t\t\t\t\t<label for='choice_5_7_1' id='label_5_7_1'>Unbegrenzt<\/label>\n\t\t\t\t\t\t\t<\/li><\/ul><\/div><\/li><li id='field_5_21' class='gfield field_sublabel_below field_description_below' ><label class='gfield_label' for='input_5_21' >Preis (EURO)<\/label><div class='ginput_container'><input name='input_21' id='input_5_21' type='text' value='' class='medium'  tabindex='8'   \/><\/div><\/li><li id='field_5_10' class='gfield field_sublabel_below field_description_below' ><label class='gfield_label' for='input_5_10' >Name<\/label><div class='ginput_container'><input name='input_10' id='input_5_10' type='text' value='' class='medium'  tabindex='9'   \/><\/div><\/li><li id='field_5_20' class='gfield field_sublabel_below field_description_below' ><label class='gfield_label' for='input_5_20' >Beschreibung<\/label><div class='ginput_container'>\n\t\t\t\t\t<textarea name='input_20' id='input_5_20' class='textarea medium' tabindex='10'    rows='10' cols='50'><\/textarea>\n\t\t\t\t<\/div><\/li><li id='field_5_11' class='gfield field_sublabel_below field_description_below' ><label class='gfield_label' for='input_5_11' >Quadratoberfl\u00e4che (sq.m)<\/label><div class='ginput_container'><input name='input_11' id='input_5_11' type='text' value='' class='medium'  tabindex='11'   \/><\/div><\/li><li id='field_5_22' class='gfield field_sublabel_below field_description_below' ><label class='gfield_label' for='input_5_22' >Telefonnummer<\/label><div class='ginput_container'><input name='input_22' id='input_5_22' type='text' value='' class='medium' tabindex='12'   \/><\/div><\/li><li id='field_5_19' class='gfield field_sublabel_below field_description_below' ><label class='gfield_label' for='input_5_19' >Kontakte<\/label><div class='ginput_container'>\n\t\t\t\t\t<textarea name='input_19' id='input_5_19' class='textarea medium' tabindex='13'    rows='10' cols='50'><\/textarea>\n\t\t\t\t<\/div><\/li><li id='field_5_18' class='gfield field_sublabel_below field_description_below' ><label class='gfield_label' for='input_5_18' >Adresse<\/label><div class='ginput_container'>\n\t\t\t\t\t<textarea name='input_18' id='input_5_18' class='textarea medium' tabindex='14'    rows='10' cols='50'><\/textarea>\n\t\t\t\t<\/div><\/li><li id='field_5_17' class='gfield field_sublabel_below field_description_below' ><label class='gfield_label' for='input_5_17' >Mehr Information<\/label><div class='ginput_container'>\n\t\t\t\t\t<textarea name='input_17' id='input_5_17' class='textarea medium' tabindex='15'    rows='10' cols='50'><\/textarea>\n\t\t\t\t<\/div><\/li><li id='field_5_15' class='gfield field_sublabel_below field_description_below' ><label class='gfield_label'  >Bilder<\/label><div class='ginput_container'><div id='gform_multifile_upload_5_15' data-settings='{&quot;runtimes&quot;:&quot;html5,flash,html4&quot;,&quot;browse_button&quot;:&quot;gform_browse_button_5_15&quot;,&quot;container&quot;:&quot;gform_multifile_upload_5_15&quot;,&quot;drop_element&quot;:&quot;gform_drag_drop_area_5_15&quot;,&quot;filelist&quot;:&quot;gform_preview_5_15&quot;,&quot;unique_names&quot;:true,&quot;file_data_name&quot;:&quot;file&quot;,&quot;url&quot;:&quot;https:\\\/\\\/www.varnanorth-properties.com\\\/?gf_page=811e5fc4c76d02b&quot;,&quot;flash_swf_url&quot;:&quot;https:\\\/\\\/www.varnanorth-properties.com\\\/wp-includes\\\/js\\\/plupload\\\/plupload.flash.swf&quot;,&quot;silverlight_xap_url&quot;:&quot;https:\\\/\\\/www.varnanorth-properties.com\\\/wp-includes\\\/js\\\/plupload\\\/plupload.silverlight.xap&quot;,&quot;filters&quot;:{&quot;mime_types&quot;:[{&quot;title&quot;:&quot;Erlaubte Dateitypen&quot;,&quot;extensions&quot;:&quot;*&quot;}],&quot;max_file_size&quot;:&quot;1073741824b&quot;},&quot;multipart&quot;:true,&quot;urlstream_upload&quot;:false,&quot;multipart_params&quot;:{&quot;form_id&quot;:5,&quot;field_id&quot;:15},&quot;gf_vars&quot;:{&quot;max_files&quot;:0,&quot;message_id&quot;:&quot;gform_multifile_messages_5_15&quot;,&quot;disallowed_extensions&quot;:[&quot;php&quot;,&quot;asp&quot;,&quot;aspx&quot;,&quot;cmd&quot;,&quot;csh&quot;,&quot;bat&quot;,&quot;html&quot;,&quot;hta&quot;,&quot;jar&quot;,&quot;exe&quot;,&quot;com&quot;,&quot;js&quot;,&quot;lnk&quot;,&quot;htaccess&quot;,&quot;phtml&quot;,&quot;ps1&quot;,&quot;ps2&quot;,&quot;php3&quot;,&quot;php4&quot;,&quot;php5&quot;,&quot;php6&quot;,&quot;py&quot;,&quot;rb&quot;,&quot;tmp&quot;]}}' class='gform_fileupload_multifile'>\n\t\t\t\t\t\t\t\t\t\t<div id='gform_drag_drop_area_5_15' class='gform_drop_area'>\n\t\t\t\t\t\t\t\t\t\t\t<span class='gform_drop_instructions'>Ziehe Dateien hier her oder <\/span>\n\t\t\t\t\t\t\t\t\t\t\t<input id='gform_browse_button_5_15' type='button' value='W\u00e4hle Dateien aus' class='button gform_button_select_files' aria-describedby='extensions_message' tabindex='16' \/>\n\t\t\t\t\t\t\t\t\t\t<\/div>\n\t\t\t\t\t\t\t\t\t<\/div><span id='extensions_message' class='screen-reader-text'><\/span><div class='validation_message'>\n\t\t\t\t\t\t\t\t<ul id='gform_multifile_messages_5_15'>\n\t\t\t\t\t\t\t\t<\/ul>\n\t\t\t\t\t\t\t<\/div><\/div><div id='gform_preview_5_15'><\/div><\/li><li id='field_5_16' class='gfield field_sublabel_below field_description_below' ><label class='gfield_label' for='input_5_16' >G\u00fcltigkeitserkl\u00e4rungscode:<\/label><div class='gfield_captcha_container'><img class='gfield_captcha' src='https:\/\/www.varnanorth-properties.com\/wp-content\/uploads\/gravity_forms\/0-b192837a921804d0946f193b5d700b5e\/872230852.png' alt='' width='150' height='42' \/><div class='gfield_captcha_input_container simple_captcha_medium'><input type='text' name='input_16' id='input_5_16' tabindex='17'\/><input type='hidden' name='input_captcha_prefix_16' value='872230852' \/><\/div><\/div><\/li>\n                            <\/ul><\/div>\n        <div class='gform_footer top_label'> <input type='submit' id='gform_submit_button_5' class='gform_button button' value='Senden' tabindex='18' onclick='if(window[\"gf_submitting_5\"]){return false;}  window[\"gf_submitting_5\"]=true;  ' \/> <input type='hidden' name='gform_ajax' value='form_id=5&amp;title=&amp;description=1&amp;tabindex=1' \/>\n            <input type='hidden' class='gform_hidden' name='is_submit_5' value='1' \/>\n            <input type='hidden' class='gform_hidden' name='gform_submit' value='5' \/>\n            \n            <input type='hidden' class='gform_hidden' name='gform_unique_id' value='' \/>\n            <input type='hidden' class='gform_hidden' name='state_5' value='WyJbXSIsIjA3MDU0YzdkY2VhMDViZmM0Y2VhMDY5OTI2MzRjNDE2Il0=' \/>\n            <input type='hidden' class='gform_hidden' name='gform_target_page_number_5' id='gform_target_page_number_5' value='0' \/>\n            <input type='hidden' class='gform_hidden' name='gform_source_page_number_5' id='gform_source_page_number_5' value='1' \/>\n            <input type='hidden' name='gform_field_values' value='' \/>\n            <input type='hidden' name='gform_uploaded_files' id='gform_uploaded_files_5' value='' \/>\n        <\/div>\n                        <\/form>\n                        <\/div>\n                <iframe style='display:none;width:0px;height:0px;' src='about:blank' name='gform_ajax_frame_5' id='gform_ajax_frame_5'><\/iframe>\n                <script type='text\/javascript'>jQuery(document).ready(function($){gformInitSpinner( 5, 'https:\/\/www.varnanorth-properties.com\/wp-content\/plugins\/gravityforms\/images\/spinner.gif' );jQuery('#gform_ajax_frame_5').load( function(){var contents = jQuery(this).contents().find('*').html();var is_postback = contents.indexOf('GF_AJAX_POSTBACK') >= 0;if(!is_postback){return;}var form_content = jQuery(this).contents().find('#gform_wrapper_5');var is_confirmation = jQuery(this).contents().find('#gform_confirmation_wrapper_5').length > 0;var is_redirect = contents.indexOf('gformRedirect(){') >= 0;var is_form = form_content.length > 0 && ! is_redirect && ! is_confirmation;if(is_form){jQuery('#gform_wrapper_5').html(form_content.html());setTimeout( function() { \/* delay the scroll by 50 milliseconds to fix a bug in chrome *\/ jQuery(document).scrollTop(jQuery('#gform_wrapper_5').offset().top); }, 50 );if(window['gformInitDatepicker']) {gformInitDatepicker();}if(window['gformInitPriceFields']) {gformInitPriceFields();}var current_page = jQuery('#gform_source_page_number_5').val();gformInitSpinner( 5, 'https:\/\/www.varnanorth-properties.com\/wp-content\/plugins\/gravityforms\/images\/spinner.gif' );jQuery(document).trigger('gform_page_loaded', [5, current_page]);window['gf_submitting_5'] = false;}else if(!is_redirect){var confirmation_content = jQuery(this).contents().find('#gforms_confirmation_message_5').html();if(!confirmation_content){confirmation_content = contents;}setTimeout(function(){jQuery('#gform_wrapper_5').replaceWith('<' + 'div id=\\'gforms_confirmation_message_5\\' class=\\'gform_confirmation_message_5 gforms_confirmation_message\\'' + '>' + confirmation_content + '<' + '\/div' + '>');jQuery(document).scrollTop(jQuery('#gforms_confirmation_message_5').offset().top);jQuery(document).trigger('gform_confirmation_loaded', [5]);window['gf_submitting_5'] = false;}, 50);}else{jQuery('#gform_5').append(contents);if(window['gformRedirect']) {gformRedirect();}}jQuery(document).trigger('gform_post_render', [5, current_page]);} );} );<\/script><script type='text\/javascript'> if(typeof gf_global == 'undefined') var gf_global = {\"gf_currency_config\":{\"name\":\"U.S. Dollar\",\"symbol_left\":\"$\",\"symbol_right\":\"\",\"symbol_padding\":\"\",\"thousand_separator\":\",\",\"decimal_separator\":\".\",\"decimals\":2},\"base_url\":\"https:\\\/\\\/www.varnanorth-properties.com\\\/wp-content\\\/plugins\\\/gravityforms\",\"number_formats\":[],\"spinnerUrl\":\"https:\\\/\\\/www.varnanorth-properties.com\\\/wp-content\\\/plugins\\\/gravityforms\\\/images\\\/spinner.gif\"};jQuery(document).bind('gform_post_render', function(event, formId, currentPage){if(formId == 5) {if(typeof Placeholders != 'undefined'){\n                        Placeholders.enable();\n                    }if(!\/(android)\/i.test(navigator.userAgent)){jQuery('#input_5_22').mask('(999) 999-9999').bind('keypress', function(e){if(e.which == 13){jQuery(this).blur();} } );}} } );jQuery(document).bind('gform_post_conditional_logic', function(event, formId, fields, isInit){} );<\/script><script type='text\/javascript'> jQuery(document).ready(function(){jQuery(document).trigger('gform_post_render', [5, 1]) } ); <\/script>\n","protected":false},"excerpt":{"rendered":"PositionNorden von Varna--st. Konstantin--Vinitsa--Oreshak--Osenovo--Klimentovo--General Kantardzhievo--Evxinograd--Sonnentag--Manastirski rid--Zelenika--Priboi--Krumovo--Varna--Izgrev--Chaika--Kichevo--Trakata--Briz--Dolishte--Radevo--Nikolaevka--St. Nikolas--Alen Mak--Kalimantsi--Zornitsa--Dobrogled--Galata--Levski--Cabacum--JournalistBalchik--Rogachevo--Obrochishte--Sokolovo--Senokos--Tsarichino--Gurkovo--Dropla--Zmeevo--Bryastovo--Bezvoditsa--Dabrava--Tsarkva--Strajitza--Lyahovo--Trigortsi--Prespa--Kremena--HrabrovoGolden sandsKranevoKavarna--Bozhurets--Kamen Bryag--Balgarevo--Mogilishte--Seltse--Belgun--Hadzhi Dimitar--Vidno--Vranino--Rakovski--Poruchik Chunchevo--Konare--NeykovoShabla--Granichar--Gorun--Tyulenovo--Ezerets--Krapets--VaklinoGeneral Toshevo--Vasilevo--Kardam--Plenimir--Preselentsi--Balkantsi--General Kolevo--Dabovik--Lyolyakovo--Malina--Spasovo--Snyagovo--Sredina--Izvorovo--Kraishte--Pchelarovo--SarninoAlbenaTopolaDurankulakDobrich--Pobeda--Batovo--Sveshtarovo--Tsarevets--Slaveevo--Stefanovo--Malka Smolnitsa--Miladinovtsi--Branishte--Odrintsi--Plachidol--Gaber--Kladentsi--Kozloduitsi--Vladimirovo--Lovchantsi--Paskalevo--Metodievo--Stefan Karadzha--Ovcharovo--Vrachantsi--Debrene--Opanets--Stozher--Botevo--OdartsiS\u00fcdlich von Varna--Priseltsi\u0422ypeProjekte--Off -Plan -Komplexe--Villas sur plan--Direkt vom Plan H\u00e4userWohnimmobilien--Neu gebaute Komplexe--Wohnung-----Ein Schlafzimmer-----Zwei-zimmer-----Drei-zimmer-----Vier oder mehr Schlafzimmer--H\u00e4user-----Ein Schlafzimmer-----Zwei-zimmer-----Drei-zimmer-----Vier oder mehr Schlafzimmer--Villas-----Ein Schlafzimmer-----Zwei-zimmer-----Drei-zimmer-----Vier oder mehr Schlafzimmer--Storey von HausGewerbeimmobilien--B\u00fcro--Einzelhandel--Restaurant&amp;bar--HotelGrundst\u00fcck--Villenviertel--Wohn--Villages--UrlaubsortAgrarland--Feld--Obst- &amp; Gem\u00fcsegarten--Weinberg--WieseKategorieH\u00e4user \/ VillenWohnungLand \/ Grundst\u00fcckeGewerbeimmobilienProjekteTyp-AngebotZu verkaufenZu vermietenDatum des Verkaufs G\u00fcltig bis zu \u041d\u0435\u043e\u0437\u0430\u0433\u043b\u0430\u0432\u0435\u043d [...]","protected":false},"author":7,"featured_media":0,"parent":0,"menu_order":0,"comment_status":"closed","ping_status":"closed","template":"","meta":{"footnotes":""},"class_list":["post-22160","page","type-page","status-publish","hentry"],"_links":{"self":[{"href":"https:\/\/www.varnanorth-properties.com\/de\/wp-json\/wp\/v2\/pages\/22160","targetHints":{"allow":["GET"]}}],"collection":[{"href":"https:\/\/www.varnanorth-properties.com\/de\/wp-json\/wp\/v2\/pages"}],"about":[{"href":"https:\/\/www.varnanorth-properties.com\/de\/wp-json\/wp\/v2\/types\/page"}],"author":[{"embeddable":true,"href":"https:\/\/www.varnanorth-properties.com\/de\/wp-json\/wp\/v2\/users\/7"}],"replies":[{"embeddable":true,"href":"https:\/\/www.varnanorth-properties.com\/de\/wp-json\/wp\/v2\/comments?post=22160"}],"version-history":[{"count":0,"href":"https:\/\/www.varnanorth-properties.com\/de\/wp-json\/wp\/v2\/pages\/22160\/revisions"}],"wp:attachment":[{"href":"https:\/\/www.varnanorth-properties.com\/de\/wp-json\/wp\/v2\/media?parent=22160"}],"curies":[{"name":"wp","href":"https:\/\/api.w.org\/{rel}","templated":true}]}}