{"id":21657,"date":"2015-10-20T12:12:44","date_gmt":"2015-10-20T12:12:44","guid":{"rendered":"http:\/\/www.varnanorth-properties.com\/fr\/about-us\/"},"modified":"2015-12-10T13:32:06","modified_gmt":"2015-12-10T13:32:06","slug":"de-nous","status":"publish","type":"page","link":"https:\/\/www.varnanorth-properties.com\/fr\/de-nous\/","title":{"rendered":"De nous"},"content":{"rendered":"<p>La Bulgarie est situ\u00e9e dans la partie du Sud-est de la P\u00e9ninsule Balkanique et s&rsquo;\u00e9tend sur 110912 r\u00e9gion km2. La population du pays est 7.85 millions de citoyens. La Bulgarie touche la Gr\u00e8ce et la Turquie sur le sud, la Mac\u00e9doine, la Serbie et Montenegro sur l&rsquo;ouest, la Roumanie sur le nord et Mer Noire sur l&rsquo;est.<\/p>\n<p><em>La Bulgarie a une histoire riche, qui retourne au pass\u00e9. Les arch\u00e9ologues trouvent ces jours-ci dans beaucoup d&rsquo;endroits sur le territoire des tombeaux de pays et des tr\u00e9sors d&rsquo;or, quitt\u00e9s des premiers habitants des terrains bulgares \u2013 le Thracians (6-3 Si\u00e8cle BC).<br \/>\nL&rsquo;\u00e9tat bulgare a \u00e9t\u00e9 \u00e9tabli dans 681 BC et \u00e9tait un des premiers \u00e9tats en Europe. Il conna\u00eet des p\u00e9riodes de d\u00e9veloppement et de geste th\u00e9\u00e2tral. Pendant un d&rsquo;entre eux a r\u00e9gn\u00e9 par le Tsar Simeon I (893-927) la Bulgarie est devenue le seul ma\u00eetre dans la r\u00e9gion de l&rsquo;est de l&rsquo;Europe. Pendant le r\u00e8gne de Tsar Ivan Asen II (1218-1241) la Bulgarie avait des issues sur trois mers \u2013 le Noir, la Mer Eg\u00e9e et la Mer Adriatique. Dans 855 Kiril et fr\u00e8res Methodius a cr\u00e9\u00e9 l&rsquo;alphabet Slave, qui a donn\u00e9 la base de l&rsquo;Alphabet cyrillique et dans 865 Bulgarie a adopt\u00e9 le Christianisme.<br \/>\nL&rsquo;h\u00e9ritage culturel du pass\u00e9 jusqu&rsquo;\u00e0 ces jours vous aidera \u00e0 faire connaissance avec notre histoire riche.<br \/>\nLa nature bulgare vous charmera avec sa vari\u00e9t\u00e9 de belles montagnes, plages d&rsquo;or, fleuves torrentiels et lacs en cristal. Le climat est distingu\u00e9 pour son hiver l\u00e9ger et un \u00e9t\u00e9 frais. Les recours de montagne se d\u00e9barrassent des empreintes de ski attrayantes et les plages le long de la c\u00f4te de Mer Noire sont pr\u00e9f\u00e9r\u00e9es pour un jour f\u00e9ri\u00e9 d&rsquo;\u00e9t\u00e9.<\/p>\n<p>Notre objectif principal est de travailler professionnellement et correctement pour les int\u00e9r\u00eats de nos clients, parce que n&rsquo;importe quel achat de biens immobiliers est un investissement dans l&rsquo;avenir \u2013 ou \u00e0 long terme ou pour une p\u00e9riode plus courte, c&rsquo;est tout \u00e0 fait significatif pour le client.<br \/>\n<em>Donc, l&rsquo;\u00e9quipe de \u00ab\u00a0VarnaNorthProperties\u00a0\u00bb est motiv\u00e9e pour exercer l&rsquo;effort maximum et avec la responsabilit\u00e9 supr\u00eame.<br \/>\nNous vous soumettrons des offres pour les propri\u00e9t\u00e9s, parmi lesquelles vous trouverez celui satisfaisant votre demande. Nous vous donnerons le conseil professionnel, nous vous orienterons, nous montrerons les avantages et les manques de chaque propri\u00e9t\u00e9, mais nous quitterons sur vous le choix de d\u00e9cision finale. Parce que ce sera votre propri\u00e9t\u00e9!<br \/>\nNous serons toujours avec vous jusqu&rsquo;\u00e0 l&rsquo;accomplissement de la transaction et apr\u00e8s cet aussi, si vous voulez ainsi et nous appr\u00e9cions profond\u00e9ment et sommes reconnaissants pour votre confiance dans nous!<\/em><\/em><\/p>\n<p>Comment pouvons-nous vous aider ? Nous vous offrons l&rsquo;interm\u00e9diation sur l&rsquo;achat, la vente, en louant ou l&rsquo;administration de biens immobiliers, en incluant l\u00e0 :<\/p>\n<ul>\n<li>\u00a0\u00a0\u00a0 l&rsquo;assistance et le fait de faire le brouillon de documents n\u00e9cessaires sur les transactions de biens immobiliers<\/li>\n<li>\u00a0\u00a0\u00a0 l&rsquo;analyse du march\u00e9 de biens immobiliers dans les r\u00e9gions de notre commerce<\/li>\n<li>\u00a0\u00a0\u00a0 les consultations sur les questions juridiques rattach\u00e9es \u00e0 ce march\u00e9<\/li>\n<li>\u00a0\u00a0\u00a0 marketing de vos biens immobiliers<\/li>\n<li>\u00a0\u00a0\u00a0 \u00e9valuation de biens immobiliers<\/li>\n<li>\u00a0\u00a0\u00a0 le changement de statut de d\u00e9signation de vos biens immobiliers<\/li>\n<li>\u00a0\u00a0\u00a0 la conduction des n\u00e9gociations avec les clients \u00e9ventuels pour vos biens immobiliers<\/li>\n<li>\u00a0\u00a0\u00a0 la signature de biens immobiliers pour vous<\/li>\n<li>\u00a0\u00a0\u00a0 assurance de votre propri\u00e9t\u00e9<\/li>\n<li>\u00a0\u00a0\u00a0 la construction et la r\u00e9paration travaillent dans vos biens immobiliers<\/li>\n<li>\u00a0\u00a0\u00a0 l&rsquo;administration et la maintenance des biens immobiliers achet\u00e9s par vous.<\/li>\n<\/ul>\n<p>&nbsp;<\/p>\n","protected":false},"excerpt":{"rendered":"<p>La Bulgarie est situ\u00e9e dans la partie du Sud-est de la P\u00e9ninsule Balkanique et s&rsquo;\u00e9tend sur 110912 r\u00e9gion km2. La population du pays est 7.85 millions de citoyens. La Bulgarie touche la Gr\u00e8ce et la Turquie sur le sud, la Mac\u00e9doine, la Serbie et Montenegro sur l&rsquo;ouest, la Roumanie sur le nord et Mer Noire [&hellip;]<\/p>\n","protected":false},"author":7,"featured_media":0,"parent":0,"menu_order":0,"comment_status":"closed","ping_status":"closed","template":"","meta":{"footnotes":""},"class_list":["post-21657","page","type-page","status-publish","hentry"],"_links":{"self":[{"href":"https:\/\/www.varnanorth-properties.com\/fr\/wp-json\/wp\/v2\/pages\/21657","targetHints":{"allow":["GET"]}}],"collection":[{"href":"https:\/\/www.varnanorth-properties.com\/fr\/wp-json\/wp\/v2\/pages"}],"about":[{"href":"https:\/\/www.varnanorth-properties.com\/fr\/wp-json\/wp\/v2\/types\/page"}],"author":[{"embeddable":true,"href":"https:\/\/www.varnanorth-properties.com\/fr\/wp-json\/wp\/v2\/users\/7"}],"replies":[{"embeddable":true,"href":"https:\/\/www.varnanorth-properties.com\/fr\/wp-json\/wp\/v2\/comments?post=21657"}],"version-history":[{"count":0,"href":"https:\/\/www.varnanorth-properties.com\/fr\/wp-json\/wp\/v2\/pages\/21657\/revisions"}],"wp:attachment":[{"href":"https:\/\/www.varnanorth-properties.com\/fr\/wp-json\/wp\/v2\/media?parent=21657"}],"curies":[{"name":"wp","href":"https:\/\/api.w.org\/{rel}","templated":true}]}}